{"id":1624,"date":"2024-08-13T04:03:22","date_gmt":"2024-08-13T08:03:22","guid":{"rendered":"https:\/\/chenail.ca\/politique-de-confidentialite\/"},"modified":"2025-03-26T11:18:06","modified_gmt":"2025-03-26T15:18:06","slug":"politique-de-confidentialite","status":"publish","type":"page","link":"https:\/\/racine.chenail.ca\/es\/politique-de-confidentialite\/","title":{"rendered":"Politique de confidentialit\u00e9"},"content":{"rendered":"","protected":false},"excerpt":{"rendered":"","protected":false},"author":1,"featured_media":0,"parent":0,"menu_order":33,"comment_status":"closed","ping_status":"closed","template":"page-templates\/template-wysiwyg.php","meta":{"_acf_changed":false,"footnotes":""},"class_list":["post-1624","page","type-page","status-publish","hentry"],"acf":[],"yoast_head":"<!-- This site is optimized with the Yoast SEO plugin v26.9 - https:\/\/yoast.com\/product\/yoast-seo-wordpress\/ -->\n<title>Confidentialit\u00e9 Chenail \u2013 Protection des donn\u00e9es<\/title>\n<meta name=\"description\" content=\"D\u00e9couvrez comment nous prot\u00e9geons vos renseignements et assurons une gestion s\u00e9curis\u00e9e de vos donn\u00e9es conform\u00e9ment aux normes l\u00e9gales.\" \/>\n<meta name=\"robots\" content=\"noindex, follow, max-snippet:-1, max-image-preview:large, max-video-preview:-1\" \/>\n<meta property=\"og:locale\" content=\"es_ES\" \/>\n<meta property=\"og:type\" content=\"article\" \/>\n<meta property=\"og:title\" content=\"Confidentialit\u00e9 Chenail \u2013 Protection des donn\u00e9es\" \/>\n<meta property=\"og:description\" content=\"D\u00e9couvrez comment nous prot\u00e9geons vos renseignements et assurons une gestion s\u00e9curis\u00e9e de vos donn\u00e9es conform\u00e9ment aux normes l\u00e9gales.\" \/>\n<meta property=\"og:url\" content=\"https:\/\/racine.chenail.ca\/es\/politique-de-confidentialite\/\" \/>\n<meta property=\"og:site_name\" content=\"Racine Petits Fruits\" \/>\n<meta property=\"article:modified_time\" content=\"2025-03-26T15:18:06+00:00\" \/>\n<meta property=\"og:image\" content=\"https:\/\/racine.chenail.ca\/wp-content\/uploads\/2025\/01\/og-image.jpg\" \/>\n\t<meta property=\"og:image:width\" content=\"1200\" \/>\n\t<meta property=\"og:image:height\" content=\"675\" \/>\n\t<meta property=\"og:image:type\" content=\"image\/jpeg\" \/>\n<meta name=\"twitter:card\" content=\"summary_large_image\" \/>\n<script type=\"application\/ld+json\" class=\"yoast-schema-graph\">{\"@context\":\"https:\/\/schema.org\",\"@graph\":[{\"@type\":\"WebPage\",\"@id\":\"https:\/\/racine.chenail.ca\/es\/politique-de-confidentialite\/\",\"url\":\"https:\/\/racine.chenail.ca\/es\/politique-de-confidentialite\/\",\"name\":\"Confidentialit\u00e9 Chenail \u2013 Protection des donn\u00e9es\",\"isPartOf\":{\"@id\":\"https:\/\/racine.chenail.ca\/es\/#website\"},\"datePublished\":\"2024-08-13T08:03:22+00:00\",\"dateModified\":\"2025-03-26T15:18:06+00:00\",\"description\":\"D\u00e9couvrez comment nous prot\u00e9geons vos renseignements et assurons une gestion s\u00e9curis\u00e9e de vos donn\u00e9es conform\u00e9ment aux normes l\u00e9gales.\",\"breadcrumb\":{\"@id\":\"https:\/\/racine.chenail.ca\/es\/politique-de-confidentialite\/#breadcrumb\"},\"inLanguage\":\"es\",\"potentialAction\":[{\"@type\":\"ReadAction\",\"target\":[\"https:\/\/racine.chenail.ca\/es\/politique-de-confidentialite\/\"]}]},{\"@type\":\"BreadcrumbList\",\"@id\":\"https:\/\/racine.chenail.ca\/es\/politique-de-confidentialite\/#breadcrumb\",\"itemListElement\":[{\"@type\":\"ListItem\",\"position\":1,\"name\":\"Accueil\",\"item\":\"https:\/\/racine.chenail.ca\/es\/\"},{\"@type\":\"ListItem\",\"position\":2,\"name\":\"Politique de confidentialit\u00e9\"}]},{\"@type\":\"WebSite\",\"@id\":\"https:\/\/racine.chenail.ca\/es\/#website\",\"url\":\"https:\/\/racine.chenail.ca\/es\/\",\"name\":\"Racine Petits Fruits\",\"description\":\"Une Division de Chenail Import Export\",\"potentialAction\":[{\"@type\":\"SearchAction\",\"target\":{\"@type\":\"EntryPoint\",\"urlTemplate\":\"https:\/\/racine.chenail.ca\/es\/?s={search_term_string}\"},\"query-input\":{\"@type\":\"PropertyValueSpecification\",\"valueRequired\":true,\"valueName\":\"search_term_string\"}}],\"inLanguage\":\"es\"}]}<\/script>\n<!-- \/ Yoast SEO plugin. -->","yoast_head_json":{"title":"Confidentialit\u00e9 Chenail \u2013 Protection des donn\u00e9es","description":"D\u00e9couvrez comment nous prot\u00e9geons vos renseignements et assurons une gestion s\u00e9curis\u00e9e de vos donn\u00e9es conform\u00e9ment aux normes l\u00e9gales.","robots":{"index":"noindex","follow":"follow","max-snippet":"max-snippet:-1","max-image-preview":"max-image-preview:large","max-video-preview":"max-video-preview:-1"},"og_locale":"es_ES","og_type":"article","og_title":"Confidentialit\u00e9 Chenail \u2013 Protection des donn\u00e9es","og_description":"D\u00e9couvrez comment nous prot\u00e9geons vos renseignements et assurons une gestion s\u00e9curis\u00e9e de vos donn\u00e9es conform\u00e9ment aux normes l\u00e9gales.","og_url":"https:\/\/racine.chenail.ca\/es\/politique-de-confidentialite\/","og_site_name":"Racine Petits Fruits","article_modified_time":"2025-03-26T15:18:06+00:00","og_image":[{"width":1200,"height":675,"url":"https:\/\/racine.chenail.ca\/wp-content\/uploads\/2025\/01\/og-image.jpg","type":"image\/jpeg"}],"twitter_card":"summary_large_image","schema":{"@context":"https:\/\/schema.org","@graph":[{"@type":"WebPage","@id":"https:\/\/racine.chenail.ca\/es\/politique-de-confidentialite\/","url":"https:\/\/racine.chenail.ca\/es\/politique-de-confidentialite\/","name":"Confidentialit\u00e9 Chenail \u2013 Protection des donn\u00e9es","isPartOf":{"@id":"https:\/\/racine.chenail.ca\/es\/#website"},"datePublished":"2024-08-13T08:03:22+00:00","dateModified":"2025-03-26T15:18:06+00:00","description":"D\u00e9couvrez comment nous prot\u00e9geons vos renseignements et assurons une gestion s\u00e9curis\u00e9e de vos donn\u00e9es conform\u00e9ment aux normes l\u00e9gales.","breadcrumb":{"@id":"https:\/\/racine.chenail.ca\/es\/politique-de-confidentialite\/#breadcrumb"},"inLanguage":"es","potentialAction":[{"@type":"ReadAction","target":["https:\/\/racine.chenail.ca\/es\/politique-de-confidentialite\/"]}]},{"@type":"BreadcrumbList","@id":"https:\/\/racine.chenail.ca\/es\/politique-de-confidentialite\/#breadcrumb","itemListElement":[{"@type":"ListItem","position":1,"name":"Accueil","item":"https:\/\/racine.chenail.ca\/es\/"},{"@type":"ListItem","position":2,"name":"Politique de confidentialit\u00e9"}]},{"@type":"WebSite","@id":"https:\/\/racine.chenail.ca\/es\/#website","url":"https:\/\/racine.chenail.ca\/es\/","name":"Racine Petits Fruits","description":"Une Division de Chenail Import Export","potentialAction":[{"@type":"SearchAction","target":{"@type":"EntryPoint","urlTemplate":"https:\/\/racine.chenail.ca\/es\/?s={search_term_string}"},"query-input":{"@type":"PropertyValueSpecification","valueRequired":true,"valueName":"search_term_string"}}],"inLanguage":"es"}]}},"_links":{"self":[{"href":"https:\/\/racine.chenail.ca\/es\/wp-json\/wp\/v2\/pages\/1624","targetHints":{"allow":["GET"]}}],"collection":[{"href":"https:\/\/racine.chenail.ca\/es\/wp-json\/wp\/v2\/pages"}],"about":[{"href":"https:\/\/racine.chenail.ca\/es\/wp-json\/wp\/v2\/types\/page"}],"author":[{"embeddable":true,"href":"https:\/\/racine.chenail.ca\/es\/wp-json\/wp\/v2\/users\/1"}],"replies":[{"embeddable":true,"href":"https:\/\/racine.chenail.ca\/es\/wp-json\/wp\/v2\/comments?post=1624"}],"version-history":[{"count":1,"href":"https:\/\/racine.chenail.ca\/es\/wp-json\/wp\/v2\/pages\/1624\/revisions"}],"predecessor-version":[{"id":1970,"href":"https:\/\/racine.chenail.ca\/es\/wp-json\/wp\/v2\/pages\/1624\/revisions\/1970"}],"wp:attachment":[{"href":"https:\/\/racine.chenail.ca\/es\/wp-json\/wp\/v2\/media?parent=1624"}],"curies":[{"name":"wp","href":"https:\/\/api.w.org\/{rel}","templated":true}]}}